{"id":264,"date":"2025-10-06T14:18:23","date_gmt":"2025-10-06T12:18:23","guid":{"rendered":"https:\/\/maratsaukans23.thkit.ee\/vp\/?page_id=264"},"modified":"2025-10-06T14:18:26","modified_gmt":"2025-10-06T12:18:26","slug":"kehaindeks","status":"publish","type":"page","link":"https:\/\/maratsaukans23.thkit.ee\/vp\/kehaindeks\/","title":{"rendered":"KehaIndeks"},"content":{"rendered":"\n<p>Loo &#8220;Oma men\u00fc\u00fc&#8221;&#8216;s&nbsp; jaotis nimega Indeks, kuhu lisa makrode k\u00e4ivitamise v\u00f5imalust.<\/p>\n\n\n\n<p>Makro ehk Sub&#8217;i nimi on KehaIndeks().<\/p>\n\n\n\n<p>M\u00fcsi kasutajal MsgBox() v\u00f5i InpitBox() abil vajav informatsioon ja kirjuta kood indeksi leidmiseks.&nbsp;<\/p>\n\n\n\n<p>Anna kasutajale tagasiside all antud tabeli andmete kasutades<\/p>\n\n\n\n<p><\/p>\n\n\n\n<p>kood<\/p>\n\n\n\n<figure class=\"wp-block-image size-large\"><img loading=\"lazy\" decoding=\"async\" width=\"1024\" height=\"653\" src=\"https:\/\/maratsaukans23.thkit.ee\/vp\/wp-content\/uploads\/2025\/10\/EA8C96D4-03AE-467E-9B31-AD3FB25A40A0-1024x653.png\" alt=\"\" class=\"wp-image-265\" srcset=\"https:\/\/maratsaukans23.thkit.ee\/vp\/wp-content\/uploads\/2025\/10\/EA8C96D4-03AE-467E-9B31-AD3FB25A40A0-1024x653.png 1024w, https:\/\/maratsaukans23.thkit.ee\/vp\/wp-content\/uploads\/2025\/10\/EA8C96D4-03AE-467E-9B31-AD3FB25A40A0-300x191.png 300w, https:\/\/maratsaukans23.thkit.ee\/vp\/wp-content\/uploads\/2025\/10\/EA8C96D4-03AE-467E-9B31-AD3FB25A40A0-768x490.png 768w, https:\/\/maratsaukans23.thkit.ee\/vp\/wp-content\/uploads\/2025\/10\/EA8C96D4-03AE-467E-9B31-AD3FB25A40A0-624x398.png 624w, https:\/\/maratsaukans23.thkit.ee\/vp\/wp-content\/uploads\/2025\/10\/EA8C96D4-03AE-467E-9B31-AD3FB25A40A0.png 1101w\" sizes=\"auto, (max-width: 1024px) 100vw, 1024px\" \/><\/figure>\n\n\n\n<figure class=\"wp-block-image size-full\"><img loading=\"lazy\" decoding=\"async\" width=\"537\" height=\"149\" src=\"https:\/\/maratsaukans23.thkit.ee\/vp\/wp-content\/uploads\/2025\/10\/BAE88919-6017-475E-A946-36260BC63B9F.png\" alt=\"\" class=\"wp-image-266\" srcset=\"https:\/\/maratsaukans23.thkit.ee\/vp\/wp-content\/uploads\/2025\/10\/BAE88919-6017-475E-A946-36260BC63B9F.png 537w, https:\/\/maratsaukans23.thkit.ee\/vp\/wp-content\/uploads\/2025\/10\/BAE88919-6017-475E-A946-36260BC63B9F-300x83.png 300w\" sizes=\"auto, (max-width: 537px) 100vw, 537px\" \/><\/figure>\n\n\n\n<figure class=\"wp-block-image size-full\"><img loading=\"lazy\" decoding=\"async\" width=\"351\" height=\"142\" src=\"https:\/\/maratsaukans23.thkit.ee\/vp\/wp-content\/uploads\/2025\/10\/9896C294-FF1B-4BE4-AA09-7B4D08B2FD07.png\" alt=\"\" class=\"wp-image-267\" srcset=\"https:\/\/maratsaukans23.thkit.ee\/vp\/wp-content\/uploads\/2025\/10\/9896C294-FF1B-4BE4-AA09-7B4D08B2FD07.png 351w, https:\/\/maratsaukans23.thkit.ee\/vp\/wp-content\/uploads\/2025\/10\/9896C294-FF1B-4BE4-AA09-7B4D08B2FD07-300x121.png 300w\" sizes=\"auto, (max-width: 351px) 100vw, 351px\" \/><\/figure>\n\n\n\n<figure class=\"wp-block-image size-full\"><img loading=\"lazy\" decoding=\"async\" width=\"268\" height=\"143\" src=\"https:\/\/maratsaukans23.thkit.ee\/vp\/wp-content\/uploads\/2025\/10\/0FC370BD-3FC5-4B6A-88E1-D70CA407274D.png\" alt=\"\" class=\"wp-image-268\"\/><\/figure>\n","protected":false},"excerpt":{"rendered":"<p>Loo &#8220;Oma men\u00fc\u00fc&#8221;&#8216;s&nbsp; jaotis nimega Indeks, kuhu lisa makrode k\u00e4ivitamise v\u00f5imalust. Makro ehk Sub&#8217;i nimi on KehaIndeks(). M\u00fcsi kasutajal MsgBox() v\u00f5i InpitBox() abil vajav informatsioon ja kirjuta kood indeksi leidmiseks.&nbsp; Anna kasutajale tagasiside all antud tabeli andmete kasutades kood<\/p>\n","protected":false},"author":1,"featured_media":0,"parent":0,"menu_order":0,"comment_status":"closed","ping_status":"closed","template":"","meta":{"_monsterinsights_skip_tracking":false,"_monsterinsights_sitenote_active":false,"_monsterinsights_sitenote_note":"","_monsterinsights_sitenote_category":0,"footnotes":""},"class_list":["post-264","page","type-page","status-publish","hentry"],"_links":{"self":[{"href":"https:\/\/maratsaukans23.thkit.ee\/vp\/wp-json\/wp\/v2\/pages\/264","targetHints":{"allow":["GET"]}}],"collection":[{"href":"https:\/\/maratsaukans23.thkit.ee\/vp\/wp-json\/wp\/v2\/pages"}],"about":[{"href":"https:\/\/maratsaukans23.thkit.ee\/vp\/wp-json\/wp\/v2\/types\/page"}],"author":[{"embeddable":true,"href":"https:\/\/maratsaukans23.thkit.ee\/vp\/wp-json\/wp\/v2\/users\/1"}],"replies":[{"embeddable":true,"href":"https:\/\/maratsaukans23.thkit.ee\/vp\/wp-json\/wp\/v2\/comments?post=264"}],"version-history":[{"count":1,"href":"https:\/\/maratsaukans23.thkit.ee\/vp\/wp-json\/wp\/v2\/pages\/264\/revisions"}],"predecessor-version":[{"id":269,"href":"https:\/\/maratsaukans23.thkit.ee\/vp\/wp-json\/wp\/v2\/pages\/264\/revisions\/269"}],"wp:attachment":[{"href":"https:\/\/maratsaukans23.thkit.ee\/vp\/wp-json\/wp\/v2\/media?parent=264"}],"curies":[{"name":"wp","href":"https:\/\/api.w.org\/{rel}","templated":true}]}}