{"id":22,"date":"2024-03-15T10:56:51","date_gmt":"2024-03-15T08:56:51","guid":{"rendered":"https:\/\/maratsaukans23.thkit.ee\/vp\/?page_id=22"},"modified":"2024-04-12T06:48:36","modified_gmt":"2024-04-12T06:48:36","slug":"info-minust","status":"publish","type":"page","link":"https:\/\/maratsaukans23.thkit.ee\/vp\/eng\/","title":{"rendered":"Info minust"},"content":{"rendered":"\n<p>Mina olen 17 aastat vana. Ma l\u00f5pesin Maardu p\u00f5hikool. Praegu ma \u00f5pin <a href=\"https:\/\/www.tthk.ee\/\">T\u00f6\u00f6stushariduskeskus<\/a>.<\/p>\n\n\n\n<p>mulle meeldib arvuti m\u00e4ngima<\/p>\n\n\n\n<figure class=\"wp-block-image size-large\"><img decoding=\"async\" src=\"https:\/\/maratsaukans23.thkit.ee\/vp\/wp-content\/uploads\/2024\/03\/nevermore-1024x1024.png\" alt=\"\" class=\"wp-image-23\" \/><\/figure>\n","protected":false},"excerpt":{"rendered":"<p>Mina olen 17 aastat vana. Ma l\u00f5pesin Maardu p\u00f5hikool. Praegu ma \u00f5pin T\u00f6\u00f6stushariduskeskus. mulle meeldib arvuti m\u00e4ngima<\/p>\n","protected":false},"author":1,"featured_media":0,"parent":0,"menu_order":0,"comment_status":"closed","ping_status":"closed","template":"","meta":{"footnotes":""},"class_list":["post-22","page","type-page","status-publish","hentry"],"_links":{"self":[{"href":"https:\/\/maratsaukans23.thkit.ee\/vp\/eng\/wp-json\/wp\/v2\/pages\/22","targetHints":{"allow":["GET"]}}],"collection":[{"href":"https:\/\/maratsaukans23.thkit.ee\/vp\/eng\/wp-json\/wp\/v2\/pages"}],"about":[{"href":"https:\/\/maratsaukans23.thkit.ee\/vp\/eng\/wp-json\/wp\/v2\/types\/page"}],"author":[{"embeddable":true,"href":"https:\/\/maratsaukans23.thkit.ee\/vp\/eng\/wp-json\/wp\/v2\/users\/1"}],"replies":[{"embeddable":true,"href":"https:\/\/maratsaukans23.thkit.ee\/vp\/eng\/wp-json\/wp\/v2\/comments?post=22"}],"version-history":[{"count":1,"href":"https:\/\/maratsaukans23.thkit.ee\/vp\/eng\/wp-json\/wp\/v2\/pages\/22\/revisions"}],"predecessor-version":[{"id":55,"href":"https:\/\/maratsaukans23.thkit.ee\/vp\/eng\/wp-json\/wp\/v2\/pages\/22\/revisions\/55"}],"wp:attachment":[{"href":"https:\/\/maratsaukans23.thkit.ee\/vp\/eng\/wp-json\/wp\/v2\/media?parent=22"}],"curies":[{"name":"wp","href":"https:\/\/api.w.org\/{rel}","templated":true}]}}